{"id":23609,"date":"2023-04-28T09:43:42","date_gmt":"2023-04-28T08:43:42","guid":{"rendered":"https:\/\/lavalldecolonya.com\/?page_id=23609"},"modified":"2023-04-28T09:52:36","modified_gmt":"2023-04-28T08:52:36","slug":"aviso-legal","status":"publish","type":"page","link":"https:\/\/lavalldecolonya.com\/es\/aviso-legal\/","title":{"rendered":"Aviso legal"},"content":{"rendered":"<p>[et_pb_section fb_built=\u00bb1&#8243; _builder_version=\u00bb4.16&#8243; global_colors_info=\u00bb{}\u00bb][et_pb_row _builder_version=\u00bb4.16&#8243; background_size=\u00bbinitial\u00bb background_position=\u00bbtop_left\u00bb background_repeat=\u00bbrepeat\u00bb global_colors_info=\u00bb{}\u00bb][et_pb_column type=\u00bb4_4&#8243; _builder_version=\u00bb4.16&#8243; custom_padding=\u00bb|||\u00bb global_colors_info=\u00bb{}\u00bb custom_padding__hover=\u00bb|||\u00bb][et_pb_text _builder_version=\u00bb4.20.4&#8243; background_size=\u00bbinitial\u00bb background_position=\u00bbtop_left\u00bb background_repeat=\u00bbrepeat\u00bb hover_enabled=\u00bb0&#8243; global_colors_info=\u00bb{}\u00bb sticky_enabled=\u00bb0&#8243;]<\/p>\n<p style=\"text-align: justify;\"><strong>Aviso legal<\/strong><\/p>\n<p style=\"text-align: justify;\">Identificaci\u00f3n del prestador de servicios de la sociedad de la informaci\u00f3n<\/p>\n<p style=\"text-align: justify;\">Con la finalidad de dar cumplimiento al art\u00edculo 10 de la Ley 34\/2002 de Servicios de la Sociedad de la Informaci\u00f3n y Comercio Electr\u00f3nico, informamos al Usuario de nuestros datos:<\/p>\n<p style=\"text-align: justify;\">Sitio\/s Web: www.lavalldecolonya.com.<br \/>Entidad: XARXES SLU<br \/>Nombre Comercial: XARXES SLU MULTISERVEIS<br \/>Domicilio: C\/ Barques 29 &#8211; 07460 &#8211; Pollen\u00e7a &#8211; ILLES BALEARS<br \/>NIF: B57111650<br \/>Tel\u00e9fono: 677500301<br \/>e-Mail: miquel.xarxes@gmail.com<br \/>Registro mercantil de PM folio 149, tomo 1877 secci\u00f3n 8\u00ba PM-39955 Incripci\u00f3 1\u00aa<\/p>\n<p style=\"text-align: justify;\"><strong>Objeto<\/strong><\/p>\n<p style=\"text-align: justify;\">El prestador, responsable del sitio web, pone a disposici\u00f3n de los Usuarios el presente documento con el que pretende dar cumplimiento a las obligaciones dispuestas en la Ley 34\/2002, de Servicios de la Sociedad de la Informaci\u00f3n y del Comercio Electr\u00f3nico (LSSI-CE), as\u00ed como informar a todos los usuarios del sitio web respecto a cu\u00e1les son las condiciones de uso del sitio web.<\/p>\n<p style=\"text-align: justify;\">Toda persona que acceda a este sitio web asume el papel de usuario, comprometi\u00e9ndose a la observancia y cumplimiento riguroso de las disposiciones aqu\u00ed dispuestas, as\u00ed como a cualquier otra disposici\u00f3n legal que fuera de aplicaci\u00f3n.<\/p>\n<p style=\"text-align: justify;\">El prestador se reserva el derecho a modificar cualquier tipo de informaci\u00f3n que pudiera aparecer en el sitio web, sin que exista obligaci\u00f3n de preavisar o poner en conocimiento de los usuarios dichas obligaciones, entendi\u00e9ndose como suficiente con la publicaci\u00f3n en el sitio web del prestador.<\/p>\n<p style=\"text-align: justify;\"><strong>Responsabilidad<\/strong><\/p>\n<p style=\"text-align: justify;\">El prestador se exime de cualquier tipo de responsabilidad derivada de la informaci\u00f3n publicada en su sitio web, siempre que esta informaci\u00f3n haya sido manipulada o introducida por un tercero ajeno al mismo.<\/p>\n<p style=\"text-align: justify;\">En este sitio web es posible que haya enlaces a contenidos de terceros sitios web. Dado que el prestador no puede controlar siempre los contenidos introducidos por los terceros en sus sitios web, \u00e9ste no asume ning\u00fan tipo de responsabilidad respecto a dichos contenidos. En todo caso, el prestador manifiesta que proceder\u00e1 a la retirada inmediata de cualquier contenido que pudiera contravenir la legislaci\u00f3n nacional o internacional, la moral o el orden p\u00fablico, procediendo a la retirada inmediata de la redirecci\u00f3n a dicho sitio web, poniendo en conocimiento de las autoridades competentes el contenido en cuesti\u00f3n.<\/p>\n<p style=\"text-align: justify;\">El prestador no se hace responsable de la informaci\u00f3n y contenidos almacenados, a t\u00edtulo enunciativo pero no limitativo, en foros, chats, generadores de blogs, comentarios, redes sociales o cualquier otro medio que permita a terceros publicar contenidos de forma independiente en la p\u00e1gina web del prestador.<\/p>\n<p style=\"text-align: justify;\">En este sitio web hemos adoptado las medidas de seguridad pertinentes para garantizar la confidencialidad, integridad y disponibilidad de la informaci\u00f3n. Utilizamos el protocolo HTTPS (SSL) para establecer un canal seguro de comunicaci\u00f3n entre el servidor y el usuario para el env\u00edo de sus datos personales. Prestar ese servicio a trav\u00e9s de un servidor seguro supone garantizar la confidencialidad de la informaci\u00f3n que se intercambia entre el ordenador del usuario y dicho servidor, ya que entre ambos se establece una conexi\u00f3n cifrada, que imposibilita el acceso de terceros a la informaci\u00f3n enviada. Este sitio web ha sido revisado y probado para que funcione correctamente. En principio, puede garantizarse el correcto funcionamiento los 365 d\u00edas del a\u00f1o, 24 horas al d\u00eda. No obstante, el prestador no descarta la posibilidad de que existan ciertos errores de programaci\u00f3n, o que acontezcan causas de fuerza mayor, cat\u00e1strofes naturales, huelgas, o circunstancias semejantes que hagan imposible el acceso a la p\u00e1gina web.<\/p>\n<p style=\"text-align: justify;\"><strong>Propiedad Intelectual e industrial<\/strong><\/p>\n<p style=\"text-align: justify;\">Este sitio web, incluyendo a t\u00edtulo enunciativo pero no limitativo, su programaci\u00f3n, edici\u00f3n, compilaci\u00f3n y dem\u00e1s elementos necesarios para su funcionamiento, los dise\u00f1os, logotipos, texto y gr\u00e1ficos son propiedad del prestador o en su caso dispone de licencia o autorizaci\u00f3n expresa por parte de los autores. Todos los contenidos del sitio web se encuentran debidamente protegidos por la normativa de propiedad intelectual e industrial, y en su caso inscritos en los registros p\u00fablicos correspondientes.<\/p>\n<p style=\"text-align: justify;\">Independientemente de la finalidad para la que fueran destinados, la reproducci\u00f3n total o parcial, uso, explotaci\u00f3n, distribuci\u00f3n y comercializaci\u00f3n de los contenidos de este sitio web, requiere en todo caso de la autorizaci\u00f3n escrita previa por parte del prestador. Cualquier uso no autorizado previamente por parte del prestador ser\u00e1 considerado un incumplimiento grave de los derechos de propiedad intelectual o industrial del autor.<\/p>\n<p style=\"text-align: justify;\">Los dise\u00f1os, logotipos, texto y\/o gr\u00e1ficos ajenos al prestador y que pudieran aparecer en el sitio web, pertenecen a sus respectivos propietarios, siendo ellos mismos responsables de cualquier posible controversia que pudiera suscitarse respecto a los mismos.<\/p>\n<p style=\"text-align: justify;\">El prestador reconoce a favor de sus titulares los correspondientes derechos de propiedad industrial e intelectual, no implicando su sola menci\u00f3n o aparici\u00f3n en el sitio web la existencia de derechos o responsabilidad alguna del prestador sobre los mismos, como tampoco respaldo, patrocinio o recomendaci\u00f3n por parte del mismo. Para realizar cualquier tipo de observaci\u00f3n respecto a posibles incumplimientos de los derechos de propiedad intelectual o industrial, as\u00ed como sobre cualquiera de los contenidos del sitio web, puede hacerlo a trav\u00e9s del correo electr\u00f3nico o tel\u00e9fono indicados en el apartador de identificaci\u00f3n del prestador de este aviso legal.<\/p>\n<p style=\"text-align: justify;\"><strong>Veracidad de la informaci\u00f3n y menores de edad<\/strong><\/p>\n<p style=\"text-align: justify;\">Toda la informaci\u00f3n que facilita el Usuario tiene que ser veraz. A estos efectos, el Usuario garantiza la autenticidad de los datos comunicados a trav\u00e9s de los formularios para la suscripci\u00f3n de los Servicios. Ser\u00e1 responsabilidad del Usuario mantener toda la informaci\u00f3n facilitada al prestador, permanentemente actualizada de forma que responda, en cada momento, a su situaci\u00f3n real. En todo caso, el Usuario ser\u00e1 el \u00fanico responsable de las manifestaciones falsas o inexactas que realice y de los perjuicios que cause al prestador o a terceros. En cuando al uso de los servicios de este sitio web, los menores de edad tienen que obtener siempre previamente el consentimiento de los padres, tutores o representantes legales, responsables \u00faltimos de todos los actos realizados por los menores a su cargo. La responsabilidad en la determinaci\u00f3n de contenidos concretos a los cuales acceden los menores corresponde a aquellos, es por eso que si acceden a contenidos no apropiados por Internet, se tendr\u00e1n que establecer en sus ordenadores mecanismos, en particular programas inform\u00e1ticos, filtros y bloqueos, que permitan limitar los contenidos disponibles y, a pesar de que no sean infalibles, son de especial utilidad para controlar y restringir los materiales a los que pueden acceder los menores.<\/p>\n<p style=\"text-align: justify;\"><strong>Condiciones de acceso y uso<\/strong><\/p>\n<p style=\"text-align: justify;\">El acceso a este sitio web es libre y gratuito para el Usuario, quien se compromete a utilizar este sitio web de conformidad a la ley y al presente aviso legal, as\u00ed como a la moral y a las buenas costumbres. A tal efecto, el Usuario se abstendr\u00e1 de utilizar la p\u00e1gina con finalidades il\u00edcitas o prohibidas, lesivas de derechos e intereses de terceros, o que de cualquier forma puedan da\u00f1ar, inutilizar, sobrecargar, deteriorar o impedir la normal utilizaci\u00f3n de equipos inform\u00e1ticos o documentos, archivos y toda clase de contenidos almacenados en cualquier equipo inform\u00e1tico del prestador. En particular, y a t\u00edtulo indicativo pero no exhaustivo, el Usuario se compromete a no transmitir, difundir o poner a disposici\u00f3n de terceros, informaciones, datos, contenidos, mensajes, gr\u00e1ficos, dibujos, archivos de sonido o imagen, fotograf\u00edas, grabaciones, software y, en general, cualquier clase de material que:<\/p>\n<p style=\"text-align: justify;\">(a) sea contraria, desprecie o atente contra los derechos fundamentales y las libertades p\u00fablicas reconocidas constitucionalmente, en tratados internacionales y otras normas vigentes;<br \/>(b) induzca, incite o promueva actuaciones delictivas, denigrantes, difamatorias, violentas o, en general, contrarias a la ley, a la moral y al orden p\u00fablico;<br \/>(c) induzca, incite o promueva actuaciones, actitudes o pensamientos discriminatorios por raz\u00f3n de sexo, raza, religi\u00f3n, creencias, edad o condici\u00f3n;<br \/>(d) sea contrario al derecho al honor, a la intimidad personal o familiar o a la propia imagen de las personas;<br \/>(e) de cualquier manera perjudique la credibilidad del prestador o de terceros; y<br \/>(f) constituya publicidad il\u00edcita, enga\u00f1osa o desleal.<\/p>\n<p style=\"text-align: justify;\"><strong>Ley Aplicable y Jurisdicci\u00f3n<\/strong><\/p>\n<p style=\"text-align: justify;\">Para la resoluci\u00f3n de todas las controversias o cuestiones relacionadas con el presente sitio web o de las actividades en \u00e9l desarrolladas, ser\u00e1 de aplicaci\u00f3n la legislaci\u00f3n espa\u00f1ola, a la que se someten expresamente las partes, siendo competentes para la resoluci\u00f3n de todos los conflictos derivados o relacionados con su uso, los Juzgados y Tribunales del domicilio del responsable de este sitio web.<\/p>\n<p>[\/et_pb_text][\/et_pb_column][\/et_pb_row][\/et_pb_section]<\/p>\n","protected":false},"excerpt":{"rendered":"<p>Aviso legal Identificaci\u00f3n del prestador de servicios de la sociedad de la informaci\u00f3n Con la finalidad de dar cumplimiento al art\u00edculo 10 de la Ley 34\/2002 de Servicios de la Sociedad de la Informaci\u00f3n y Comercio Electr\u00f3nico, informamos al Usuario de nuestros datos: Sitio\/s Web: www.lavalldecolonya.com.Entidad: XARXES SLUNombre Comercial: XARXES SLU MULTISERVEISDomicilio: C\/ Barques 29 [&hellip;]<\/p>\n","protected":false},"author":2,"featured_media":0,"parent":0,"menu_order":0,"comment_status":"closed","ping_status":"closed","template":"","meta":{"_et_pb_use_builder":"on","_et_pb_old_content":"<p><strong>Aviso legal <\/strong><\/p><p>\u00a0<\/p><p><strong>Identificaci\u00f3n del prestador de servicios de la sociedad de la informaci\u00f3n<\/strong><\/p><p>\u00a0<\/p><p>Con la finalidad de dar cumplimiento al art\u00edculo 10 de la Ley 34\/2002 de Servicios de la Sociedad de la Informaci\u00f3n y Comercio Electr\u00f3nico, informamos al Usuario de nuestros datos:<\/p><p>\u00a0<\/p><p>Sitio\/s Web: www.lavalldecolonya.com.<\/p><p>Entidad: XARXES SLU<\/p><p>Nombre Comercial: XARXES SLU MULTISERVEIS<\/p><p>Domicilio: C\/ Barques 29 - 07460 - Pollen\u00e7a - ILLES BALEARS<\/p><p>NIF: B57111650<\/p><p>Tel\u00e9fono: 677500301<\/p><p>e-Mail: miquel.xarxes@gmail.com<\/p><p>Registro mercantil\u00a0 de PM folio 149, tomo 1877 secci\u00f3n 8\u00ba PM-39955 Incripci\u00f3 1\u00aa<\/p><p>\u00a0<\/p><p>\u00a0<\/p><p><strong>Objeto<\/strong><\/p><p><br \/>El prestador, responsable del sitio web, pone a disposici\u00f3n de los Usuarios el presente documento con el que pretende dar cumplimiento a las obligaciones dispuestas en la Ley 34\/2002, de Servicios de la Sociedad de la Informaci\u00f3n y del Comercio Electr\u00f3nico (LSSI-CE), as\u00ed como informar a todos los usuarios del sitio web respecto a cu\u00e1les son las condiciones de uso del sitio web.<\/p><p>\u00a0<\/p><p>Toda persona que acceda a este sitio web asume el papel de usuario, comprometi\u00e9ndose a la observancia y cumplimiento riguroso de las disposiciones aqu\u00ed dispuestas, as\u00ed como a cualquier otra disposici\u00f3n legal que fuera de aplicaci\u00f3n.<\/p><p>\u00a0<\/p><p>El prestador se reserva el derecho a modificar cualquier tipo de informaci\u00f3n que pudiera aparecer en el sitio web, sin que exista obligaci\u00f3n de preavisar o poner en conocimiento de los usuarios dichas obligaciones, entendi\u00e9ndose como suficiente con la publicaci\u00f3n en el sitio web del prestador.<\/p><p>\u00a0<\/p><p>\u00a0<\/p><p><strong>Responsabilidad<\/strong><\/p><p><br \/>El prestador se exime de cualquier tipo de responsabilidad derivada de la informaci\u00f3n publicada en su sitio web, siempre que esta informaci\u00f3n haya sido manipulada o introducida por un tercero ajeno al mismo.<\/p><p>\u00a0<\/p><p>En este sitio web es posible que haya enlaces a contenidos de terceros sitios web. Dado que el prestador no puede controlar siempre los contenidos introducidos por los terceros en sus sitios web, \u00e9ste no asume ning\u00fan tipo de responsabilidad respecto a dichos contenidos. En todo caso, el prestador manifiesta que proceder\u00e1 a la retirada inmediata de cualquier contenido que pudiera contravenir la legislaci\u00f3n nacional o internacional, la moral o el orden p\u00fablico, procediendo a la retirada inmediata de la redirecci\u00f3n a dicho sitio web, poniendo en conocimiento de las autoridades competentes el contenido en cuesti\u00f3n.<\/p><p>\u00a0<\/p><p>El prestador no se hace responsable de la informaci\u00f3n y contenidos almacenados, a t\u00edtulo enunciativo pero no limitativo, en foros, chats, generadores de blogs, comentarios, redes sociales o cualquier otro medio que permita a terceros publicar contenidos de forma independiente en la p\u00e1gina web del prestador.<\/p><p>\u00a0<\/p><p>En este sitio web hemos adoptado las medidas de seguridad pertinentes para garantizar la confidencialidad, integridad y disponibilidad de la informaci\u00f3n. Utilizamos el protocolo HTTPS (SSL) para establecer un canal seguro de comunicaci\u00f3n entre el servidor y el usuario para el env\u00edo de sus datos personales. Prestar ese servicio a trav\u00e9s de un servidor seguro supone garantizar la confidencialidad de la informaci\u00f3n que se intercambia entre el ordenador del usuario y dicho servidor, ya que entre ambos se establece una conexi\u00f3n cifrada, que imposibilita el acceso de terceros a la informaci\u00f3n enviada. Este sitio web ha sido revisado y probado para que funcione correctamente. En principio, puede garantizarse el correcto funcionamiento los 365 d\u00edas del a\u00f1o, 24 horas al d\u00eda. No obstante, el prestador no descarta la posibilidad de que existan ciertos errores de programaci\u00f3n, o que acontezcan causas de fuerza mayor, cat\u00e1strofes naturales, huelgas, o circunstancias semejantes que hagan imposible el acceso a la p\u00e1gina web.<\/p><p>\u00a0<\/p><p><strong>Propiedad Intelectual e industrial<\/strong><\/p><p><br \/>Este sitio web, incluyendo a t\u00edtulo enunciativo pero no limitativo, su programaci\u00f3n, edici\u00f3n, compilaci\u00f3n y dem\u00e1s elementos necesarios para su funcionamiento, los dise\u00f1os, logotipos, texto y gr\u00e1ficos son propiedad del prestador o en su caso dispone de licencia o autorizaci\u00f3n expresa por parte de los autores. Todos los contenidos del sitio web se encuentran debidamente protegidos por la normativa de propiedad intelectual e industrial, y en su caso inscritos en los registros p\u00fablicos correspondientes.<\/p><p>\u00a0<\/p><p>Independientemente de la finalidad para la que fueran destinados, la reproducci\u00f3n total o parcial, uso, explotaci\u00f3n, distribuci\u00f3n y comercializaci\u00f3n de los contenidos de este sitio web, requiere en todo caso de la autorizaci\u00f3n escrita previa por parte del prestador. Cualquier uso no autorizado previamente por parte del prestador ser\u00e1 considerado un incumplimiento grave de los derechos de propiedad intelectual o industrial del autor.<\/p><p>\u00a0<\/p><p>Los dise\u00f1os, logotipos, texto y\/o gr\u00e1ficos ajenos al prestador y que pudieran aparecer en el sitio web, pertenecen a sus respectivos propietarios, siendo ellos mismos responsables de cualquier posible controversia que pudiera suscitarse respecto a los mismos.<\/p><p>\u00a0<\/p><p>El prestador reconoce a favor de sus titulares los correspondientes derechos de propiedad industrial e intelectual, no implicando su sola menci\u00f3n o aparici\u00f3n en el sitio web la existencia de derechos o responsabilidad alguna del prestador sobre los mismos, como tampoco respaldo, patrocinio o recomendaci\u00f3n por parte del mismo. Para realizar cualquier tipo de observaci\u00f3n respecto a posibles incumplimientos de los derechos de propiedad intelectual o industrial, as\u00ed como sobre cualquiera de los contenidos del sitio web, puede hacerlo a trav\u00e9s del correo electr\u00f3nico o tel\u00e9fono indicados en el apartador de identificaci\u00f3n del prestador de este aviso legal.<\/p><p>\u00a0<\/p><p>\u00a0<\/p><p><strong>Veracidad de la informaci\u00f3n y menores de edad<\/strong><\/p><p><br \/>Toda la informaci\u00f3n que facilita el Usuario tiene que ser veraz. A estos efectos, el Usuario garantiza la autenticidad de los datos comunicados a trav\u00e9s de los formularios para la suscripci\u00f3n de los Servicios. Ser\u00e1 responsabilidad del Usuario mantener toda la informaci\u00f3n facilitada al prestador, permanentemente actualizada de forma que responda, en cada momento, a su situaci\u00f3n real. En todo caso, el Usuario ser\u00e1 el \u00fanico responsable de las manifestaciones falsas o inexactas que realice y de los perjuicios que cause al prestador o a terceros. En cuando al uso de los servicios de este sitio web, los menores de edad tienen que obtener siempre previamente el consentimiento de los padres, tutores o representantes legales, responsables \u00faltimos de todos los actos realizados por los menores a su cargo. La responsabilidad en la determinaci\u00f3n de contenidos concretos a los cuales acceden los menores corresponde a aquellos, es por eso que si acceden a contenidos no apropiados por Internet, se tendr\u00e1n que establecer en sus ordenadores mecanismos, en particular programas inform\u00e1ticos, filtros y bloqueos, que permitan limitar los contenidos disponibles y, a pesar de que no sean infalibles, son de especial utilidad para controlar y restringir los materiales a los que pueden acceder los menores.<\/p><p>\u00a0<\/p><p>\u00a0<\/p><p><strong>Condiciones de acceso y uso <\/strong><\/p><p><br \/>El acceso a este sitio web es libre y gratuito para el Usuario, quien se compromete a utilizar este sitio web de conformidad a la ley y al presente aviso legal, as\u00ed como a la moral y a las buenas costumbres. A tal efecto, el Usuario se abstendr\u00e1 de utilizar la p\u00e1gina con finalidades il\u00edcitas o prohibidas, lesivas de derechos e intereses de terceros, o que de cualquier forma puedan da\u00f1ar, inutilizar, sobrecargar, deteriorar o impedir la normal utilizaci\u00f3n de equipos inform\u00e1ticos o documentos, archivos y toda clase de contenidos almacenados en cualquier equipo inform\u00e1tico del prestador. En particular, y a t\u00edtulo indicativo pero no exhaustivo, el Usuario se compromete a no transmitir, difundir o poner a disposici\u00f3n de terceros, informaciones, datos, contenidos, mensajes, gr\u00e1ficos, dibujos, archivos de sonido o imagen, fotograf\u00edas, grabaciones, software y, en general, cualquier clase de material que:<\/p><p>\u00a0<\/p><p>(a) sea contraria, desprecie o atente contra los derechos fundamentales y las libertades p\u00fablicas reconocidas constitucionalmente, en tratados internacionales y otras normas vigentes;<\/p><p>(b) induzca, incite o promueva actuaciones delictivas, denigrantes, difamatorias, violentas o, en general, contrarias a la ley, a la moral y al orden p\u00fablico;<\/p><p>(c) induzca, incite o promueva actuaciones, actitudes o pensamientos discriminatorios por raz\u00f3n de sexo, raza, religi\u00f3n, creencias, edad o condici\u00f3n;<\/p><p>(d) sea contrario al derecho al honor, a la intimidad personal o familiar o a la propia imagen de las personas;<\/p><p>(e) de cualquier manera perjudique la credibilidad del prestador o de terceros; y<\/p><p>(f) constituya publicidad il\u00edcita, enga\u00f1osa o desleal.<\/p><p>\u00a0<\/p><p>\u00a0<\/p><p><strong>Ley Aplicable y Jurisdicci\u00f3n<\/strong><\/p><p><br \/>Para la resoluci\u00f3n de todas las controversias o cuestiones relacionadas con el presente sitio web o de las actividades en \u00e9l desarrolladas, ser\u00e1 de aplicaci\u00f3n la legislaci\u00f3n espa\u00f1ola, a la que se someten expresamente las partes, siendo competentes para la resoluci\u00f3n de todos los conflictos derivados o relacionados con su uso, los Juzgados y Tribunales del domicilio del responsable de este sitio web.<\/p><p>\u00a0<\/p>","_et_gb_content_width":"","_joinchat":[],"footnotes":""},"dipi_cpt_category":[],"class_list":["post-23609","page","type-page","status-publish","hentry"],"_links":{"self":[{"href":"https:\/\/lavalldecolonya.com\/es\/wp-json\/wp\/v2\/pages\/23609","targetHints":{"allow":["GET"]}}],"collection":[{"href":"https:\/\/lavalldecolonya.com\/es\/wp-json\/wp\/v2\/pages"}],"about":[{"href":"https:\/\/lavalldecolonya.com\/es\/wp-json\/wp\/v2\/types\/page"}],"author":[{"embeddable":true,"href":"https:\/\/lavalldecolonya.com\/es\/wp-json\/wp\/v2\/users\/2"}],"replies":[{"embeddable":true,"href":"https:\/\/lavalldecolonya.com\/es\/wp-json\/wp\/v2\/comments?post=23609"}],"version-history":[{"count":3,"href":"https:\/\/lavalldecolonya.com\/es\/wp-json\/wp\/v2\/pages\/23609\/revisions"}],"predecessor-version":[{"id":23613,"href":"https:\/\/lavalldecolonya.com\/es\/wp-json\/wp\/v2\/pages\/23609\/revisions\/23613"}],"wp:attachment":[{"href":"https:\/\/lavalldecolonya.com\/es\/wp-json\/wp\/v2\/media?parent=23609"}],"wp:term":[{"taxonomy":"dipi_cpt_category","embeddable":true,"href":"https:\/\/lavalldecolonya.com\/es\/wp-json\/wp\/v2\/dipi_cpt_category?post=23609"}],"curies":[{"name":"wp","href":"https:\/\/api.w.org\/{rel}","templated":true}]}}