{"id":23289,"date":"2021-09-07T18:36:48","date_gmt":"2021-09-07T16:36:48","guid":{"rendered":"https:\/\/lavalldecolonya.com\/contacte\/"},"modified":"2021-09-28T15:27:03","modified_gmt":"2021-09-28T13:27:03","slug":"contacto","status":"publish","type":"page","link":"https:\/\/lavalldecolonya.com\/es\/contacto\/","title":{"rendered":"Contacto"},"content":{"rendered":"<p>[et_pb_section fb_built=\u00bb1&#8243; _builder_version=\u00bb4.10.6&#8243; background_color=\u00bbrgba(226,211,204,0.4)\u00bb custom_padding=\u00bb0px|0px|80px|0px\u00bb box_shadow_style=\u00bbpreset4&#8243; box_shadow_horizontal=\u00bb0px\u00bb box_shadow_vertical=\u00bb120px\u00bb box_shadow_color=\u00bb#e7edf9&#8243; box_shadow_position=\u00bbinner\u00bb global_colors_info=\u00bb{}\u00bb][et_pb_row use_custom_gutter=\u00bbon\u00bb gutter_width=\u00bb1&#8243; admin_label=\u00bb3&#8243; module_class=\u00bb et_pb_row_fullwidth\u00bb _builder_version=\u00bb4.10.7&#8243; background_color=\u00bb#E2D3CC\u00bb width=\u00bb100%\u00bb width_tablet=\u00bb100%\u00bb width_phone=\u00bb\u00bb width_last_edited=\u00bbon|desktop\u00bb max_width=\u00bb100%\u00bb max_width_tablet=\u00bb100%\u00bb max_width_phone=\u00bb\u00bb max_width_last_edited=\u00bbon|desktop\u00bb custom_margin=\u00bb0px|0px|0px|0px|false|false\u00bb custom_padding=\u00bb0px|0px|0px|0px|false|false\u00bb animation_style=\u00bbfade\u00bb make_fullwidth=\u00bbon\u00bb global_colors_info=\u00bb{}\u00bb][et_pb_column type=\u00bb4_4&#8243; _builder_version=\u00bb3.25&#8243; custom_padding=\u00bb|||\u00bb global_colors_info=\u00bb{}\u00bb custom_padding__hover=\u00bb|||\u00bb][et_pb_code _builder_version=\u00bb4.10.6&#8243; background_enable_color=\u00bboff\u00bb text_orientation=\u00bbcenter\u00bb custom_margin=\u00bb||||false|false\u00bb custom_margin_tablet=\u00bb0px|||\u00bb custom_margin_last_edited=\u00bboff|desktop\u00bb custom_padding=\u00bb||||false|false\u00bb border_color_all=\u00bb#e1e3e5&#8243; global_colors_info=\u00bb{}\u00bb]<iframe loading=\"lazy\" src=\"https:\/\/www.google.com\/maps\/embed?pb=!1m14!1m8!1m3!1d12250.339631588851!2d3.0095999!3d39.8611344!3m2!1i1024!2i768!4f13.1!3m3!1m2!1s0x0%3A0x6fdcacdb06ebcb24!2sLa%20Vall%20de%20Colonya%20-%20Granja%20Escola%20Pollen%C3%A7a!5e0!3m2!1ses!2ses!4v1631080543448!5m2!1ses!2ses\" width=\"100%\" height=\"550\" frameborder=\"0\" style=\"border:0\" allowfullscreen><\/iframe>[\/et_pb_code][\/et_pb_column][\/et_pb_row][et_pb_row column_structure=\u00bb1_3,1_3,1_3&#8243; use_custom_gutter=\u00bbon\u00bb gutter_width=\u00bb2&#8243; admin_label=\u00bb1&#8243; _builder_version=\u00bb4.10.7&#8243; background_size=\u00bbinitial\u00bb background_position=\u00bbtop_center\u00bb background_repeat=\u00bbrepeat\u00bb width=\u00bb85%\u00bb max_width=\u00bb1920px\u00bb custom_margin=\u00bb|auto|49px|auto||\u00bb custom_padding=\u00bb|||\u00bb animation_style=\u00bbfade\u00bb global_colors_info=\u00bb{}\u00bb][et_pb_column type=\u00bb1_3&#8243; _builder_version=\u00bb3.25&#8243; custom_padding=\u00bb|||\u00bb custom_padding_tablet=\u00bb|||0px\u00bb custom_padding_last_edited=\u00bboff|desktop\u00bb global_colors_info=\u00bb{}\u00bb custom_padding__hover=\u00bb|||\u00bb][et_pb_blurb title=\u00bbTel\u00c9fonO Y Whatsapp\u00bb use_icon=\u00bbon\u00bb font_icon=\u00bb%%104%%\u00bb icon_color=\u00bb#ffffff\u00bb use_circle=\u00bbon\u00bb circle_color=\u00bb#825c44&#8243; use_icon_font_size=\u00bbon\u00bb icon_font_size=\u00bb30px\u00bb _builder_version=\u00bb4.10.6&#8243; header_font=\u00bb|600||on|||||\u00bb header_text_color=\u00bb#693816&#8243; header_font_size=\u00bb30px\u00bb header_line_height=\u00bb2em\u00bb body_font=\u00bb|300|||||||\u00bb body_text_align=\u00bbcenter\u00bb body_text_color=\u00bb#693816&#8243; body_font_size=\u00bb25px\u00bb body_line_height=\u00bb1.8em\u00bb background_color=\u00bb#ffffff\u00bb text_orientation=\u00bbcenter\u00bb custom_margin=\u00bb-140px|||\u00bb custom_margin_tablet=\u00bb0px|||\u00bb custom_margin_phone=\u00bb\u00bb custom_margin_last_edited=\u00bbon|tablet\u00bb custom_padding=\u00bb40px|30px|40px|30px\u00bb animation=\u00bboff\u00bb border_color_all=\u00bb#e1e3e5&#8243; global_colors_info=\u00bb{}\u00bb]<\/p>\n<p>+34 677 50 03 02<\/p>\n<p>[\/et_pb_blurb][\/et_pb_column][et_pb_column type=\u00bb1_3&#8243; _builder_version=\u00bb3.25&#8243; custom_padding=\u00bb|||\u00bb custom_padding_tablet=\u00bb|0px||0px\u00bb custom_padding_last_edited=\u00bboff|desktop\u00bb global_colors_info=\u00bb{}\u00bb custom_padding__hover=\u00bb|||\u00bb][et_pb_blurb title=\u00bbEmail\u00bb use_icon=\u00bbon\u00bb font_icon=\u00bb%%238%%\u00bb icon_color=\u00bb#ffffff\u00bb use_circle=\u00bbon\u00bb circle_color=\u00bb#825c44&#8243; use_icon_font_size=\u00bbon\u00bb icon_font_size=\u00bb30px\u00bb _builder_version=\u00bb4.10.6&#8243; header_font=\u00bb|600||on|||||\u00bb header_text_color=\u00bb#693816&#8243; header_font_size=\u00bb30px\u00bb header_line_height=\u00bb2em\u00bb body_font=\u00bb|300|||||||\u00bb body_text_align=\u00bbcenter\u00bb body_text_color=\u00bb#693816&#8243; body_font_size=\u00bb25px\u00bb body_line_height=\u00bb1.8em\u00bb background_color=\u00bb#ffffff\u00bb text_orientation=\u00bbcenter\u00bb custom_margin=\u00bb-140px|||\u00bb custom_margin_tablet=\u00bb0px|||\u00bb custom_margin_phone=\u00bb\u00bb custom_margin_last_edited=\u00bbon|tablet\u00bb custom_padding=\u00bb40px|30px|40px|30px\u00bb animation=\u00bboff\u00bb body_font_size_tablet=\u00bb\u00bb body_font_size_phone=\u00bb20px\u00bb body_font_size_last_edited=\u00bbon|phone\u00bb border_color_all=\u00bb#e1e3e5&#8243; global_colors_info=\u00bb{}\u00bb]<\/p>\n<p>hola@lavalldecolonya.com<\/p>\n<p>[\/et_pb_blurb][\/et_pb_column][et_pb_column type=\u00bb1_3&#8243; _builder_version=\u00bb3.25&#8243; custom_padding=\u00bb|||\u00bb custom_padding_tablet=\u00bb|0px||\u00bb custom_padding_last_edited=\u00bboff|desktop\u00bb global_colors_info=\u00bb{}\u00bb custom_padding__hover=\u00bb|||\u00bb][et_pb_blurb title=\u00bbHorariO\u00bb use_icon=\u00bbon\u00bb font_icon=\u00bb%%92%%\u00bb icon_color=\u00bb#ffffff\u00bb use_circle=\u00bbon\u00bb circle_color=\u00bb#825c44&#8243; use_icon_font_size=\u00bbon\u00bb icon_font_size=\u00bb30px\u00bb _builder_version=\u00bb4.10.6&#8243; header_font=\u00bb|600||on|||||\u00bb header_text_color=\u00bb#693816&#8243; header_font_size=\u00bb30px\u00bb header_line_height=\u00bb2em\u00bb body_font=\u00bb|300|||||||\u00bb body_text_align=\u00bbcenter\u00bb body_text_color=\u00bb#693816&#8243; body_font_size=\u00bb25px\u00bb body_line_height=\u00bb1.8em\u00bb background_color=\u00bb#ffffff\u00bb text_orientation=\u00bbcenter\u00bb custom_margin=\u00bb-140px|||\u00bb custom_margin_tablet=\u00bb0px|||\u00bb custom_margin_phone=\u00bb\u00bb custom_margin_last_edited=\u00bbon|tablet\u00bb custom_padding=\u00bb40px|30px|40px|30px\u00bb animation=\u00bboff\u00bb border_color_all=\u00bb#e1e3e5&#8243; global_colors_info=\u00bb{}\u00bb]<\/p>\n<p>9h-13h y 15h-19h<\/p>\n<p>[\/et_pb_blurb][\/et_pb_column][\/et_pb_row][et_pb_row column_structure=\u00bb3_5,2_5&#8243; use_custom_gutter=\u00bbon\u00bb gutter_width=\u00bb2&#8243; admin_label=\u00bb2&#8243; _builder_version=\u00bb4.10.7&#8243; width=\u00bb85%\u00bb max_width=\u00bb1920px\u00bb custom_margin=\u00bb|||\u00bb custom_padding=\u00bb|||\u00bb animation_style=\u00bbfade\u00bb use_custom_width=\u00bbon\u00bb custom_width_px=\u00bb700px\u00bb locked=\u00bboff\u00bb global_colors_info=\u00bb{}\u00bb][et_pb_column type=\u00bb3_5&#8243; _builder_version=\u00bb3.25&#8243; custom_padding=\u00bb|||\u00bb global_colors_info=\u00bb{}\u00bb custom_padding__hover=\u00bb|||\u00bb][et_pb_text admin_label=\u00bb1&#8243; _builder_version=\u00bb4.10.6&#8243; header_text_color=\u00bb#693816&#8243; header_2_font=\u00bb|700||on|||||\u00bb header_2_text_align=\u00bbcenter\u00bb header_2_text_color=\u00bb#693816&#8243; header_2_font_size=\u00bb35px\u00bb header_2_line_height=\u00bb1.3em\u00bb max_width=\u00bb700px\u00bb module_alignment=\u00bbcenter\u00bb custom_margin=\u00bb||15px|\u00bb global_colors_info=\u00bb{}\u00bb]<\/p>\n<h2>FormulariO de contactO<\/h2>\n<p>[\/et_pb_text][et_pb_text _builder_version=\u00bb4.10.6&#8243; text_font=\u00bb|300|||||||\u00bb text_text_color=\u00bb#693816&#8243; text_font_size=\u00bb18px\u00bb text_line_height=\u00bb1.8em\u00bb header_font=\u00bb||||||||\u00bb text_orientation=\u00bbcenter\u00bb max_width=\u00bb532px\u00bb module_alignment=\u00bbcenter\u00bb custom_margin=\u00bb-13px||\u00bb global_colors_info=\u00bb{}\u00bb]<\/p>\n<p>Tambi\u00e9n puedes utilizar el siguiente formulario de contacto para hacernos llegar tus consultas.<\/p>\n<p>[\/et_pb_text][et_pb_contact_form email=\u00bbhola@lavalldecolonya.com\u00bb custom_message=\u00bb*** CONTACTE WEB***||et_pb_line_break_holder||||et_pb_line_break_holder||Nom: %%f-nom%%||et_pb_line_break_holder||Correu: %%f-email%%||et_pb_line_break_holder||Tel\u00e8fon: %%f-telefon%%||et_pb_line_break_holder||||et_pb_line_break_holder||Missatge: %%f-missatge%%\u00bb success_message=\u00bbTu mensaje se ha enviado correctamente. En breve nos pondremos en contacto contigo. Gracias.\u00bb submit_button_text=\u00bbENVIAR\u00bb module_id=\u00bbet_pb_contact_form_0&#8243; _builder_version=\u00bb4.10.8&#8243; form_field_background_color=\u00bb#ffffff\u00bb form_field_text_color=\u00bb#693816&#8243; title_font=\u00bb||||||||\u00bb captcha_text_color=\u00bb#693816&#8243; captcha_font_size=\u00bb16px\u00bb form_field_font=\u00bb|300|||||||\u00bb form_field_font_size=\u00bb15px\u00bb form_field_line_height=\u00bb1.6em\u00bb custom_button=\u00bbon\u00bb button_text_size=\u00bb14px\u00bb button_text_color=\u00bb#FFFFFF\u00bb button_bg_color=\u00bb#693816&#8243; button_border_width=\u00bb12px\u00bb button_border_color=\u00bb#693816&#8243; button_border_radius=\u00bb0px\u00bb button_letter_spacing=\u00bb1px\u00bb button_font=\u00bb|||on|||||\u00bb button_use_icon=\u00bboff\u00bb module_alignment=\u00bbcenter\u00bb custom_margin=\u00bb45px|||\u00bb custom_padding=\u00bb|||\u00bb hover_enabled=\u00bb0&#8243; border_width_all=\u00bb1px\u00bb border_color_all=\u00bb#c9c9c9&#8243; form_background_color=\u00bb#ffffff\u00bb global_colors_info=\u00bb{}\u00bb button_text_color__hover=\u00bb#000000&#8243; button_text_color__hover_enabled=\u00bboff|desktop\u00bb button_bg_color__hover=\u00bb#825c44&#8243; button_bg_color__hover_enabled=\u00bbon|hover\u00bb button_border_color__hover=\u00bb#825c44&#8243; button_border_color__hover_enabled=\u00bbon|hover\u00bb button_letter_spacing__hover=\u00bb2px\u00bb button_letter_spacing__hover_enabled=\u00bbon\u00bb button_bg_enable_color__hover=\u00bbon\u00bb button_text_color_hover=\u00bb#ffffff\u00bb button_bg_color_hover=\u00bb#3FA2F7 \u00bb button_border_color_hover=\u00bb#3FA2F7 \u00bb button_letter_spacing_hover=\u00bb2px\u00bb sticky_enabled=\u00bb0&#8243;][et_pb_contact_field field_id=\u00bbf-nom\u00bb field_title=\u00bbNombre\u00bb fullwidth_field=\u00bbon\u00bb _builder_version=\u00bb4.10.8&#8243; hover_enabled=\u00bb0&#8243; global_colors_info=\u00bb{}\u00bb button_text_size__hover_enabled=\u00bboff\u00bb button_one_text_size__hover_enabled=\u00bboff\u00bb button_two_text_size__hover_enabled=\u00bboff\u00bb button_text_color__hover_enabled=\u00bboff\u00bb button_one_text_color__hover_enabled=\u00bboff\u00bb button_two_text_color__hover_enabled=\u00bboff\u00bb button_border_width__hover_enabled=\u00bboff\u00bb button_one_border_width__hover_enabled=\u00bboff\u00bb button_two_border_width__hover_enabled=\u00bboff\u00bb button_border_color__hover_enabled=\u00bboff\u00bb button_one_border_color__hover_enabled=\u00bboff\u00bb button_two_border_color__hover_enabled=\u00bboff\u00bb button_border_radius__hover_enabled=\u00bboff\u00bb button_one_border_radius__hover_enabled=\u00bboff\u00bb button_two_border_radius__hover_enabled=\u00bboff\u00bb button_letter_spacing__hover_enabled=\u00bboff\u00bb button_one_letter_spacing__hover_enabled=\u00bboff\u00bb button_two_letter_spacing__hover_enabled=\u00bboff\u00bb button_bg_color__hover_enabled=\u00bboff\u00bb button_one_bg_color__hover_enabled=\u00bboff\u00bb button_two_bg_color__hover_enabled=\u00bboff\u00bb sticky_enabled=\u00bb0&#8243;][\/et_pb_contact_field][et_pb_contact_field field_id=\u00bbf-email\u00bb field_title=\u00bbEmail\u00bb field_type=\u00bbemail\u00bb _builder_version=\u00bb4.10.6&#8243; global_colors_info=\u00bb{}\u00bb button_text_size__hover_enabled=\u00bboff\u00bb button_one_text_size__hover_enabled=\u00bboff\u00bb button_two_text_size__hover_enabled=\u00bboff\u00bb button_text_color__hover_enabled=\u00bboff\u00bb button_one_text_color__hover_enabled=\u00bboff\u00bb button_two_text_color__hover_enabled=\u00bboff\u00bb button_border_width__hover_enabled=\u00bboff\u00bb button_one_border_width__hover_enabled=\u00bboff\u00bb button_two_border_width__hover_enabled=\u00bboff\u00bb button_border_color__hover_enabled=\u00bboff\u00bb button_one_border_color__hover_enabled=\u00bboff\u00bb button_two_border_color__hover_enabled=\u00bboff\u00bb button_border_radius__hover_enabled=\u00bboff\u00bb button_one_border_radius__hover_enabled=\u00bboff\u00bb button_two_border_radius__hover_enabled=\u00bboff\u00bb button_letter_spacing__hover_enabled=\u00bboff\u00bb button_one_letter_spacing__hover_enabled=\u00bboff\u00bb button_two_letter_spacing__hover_enabled=\u00bboff\u00bb button_bg_color__hover_enabled=\u00bboff\u00bb button_one_bg_color__hover_enabled=\u00bboff\u00bb button_two_bg_color__hover_enabled=\u00bboff\u00bb][\/et_pb_contact_field][et_pb_contact_field field_id=\u00bbf-telefon\u00bb field_title=\u00bbTel\u00e9fono\u00bb required_mark=\u00bboff\u00bb _builder_version=\u00bb4.10.8&#8243; _module_preset=\u00bbdefault\u00bb hover_enabled=\u00bb0&#8243; global_colors_info=\u00bb{}\u00bb sticky_enabled=\u00bb0&#8243;][\/et_pb_contact_field][et_pb_contact_field field_id=\u00bbf-missatge\u00bb field_title=\u00bbMensaje\u00bb field_type=\u00bbtext\u00bb fullwidth_field=\u00bbon\u00bb _builder_version=\u00bb4.10.8&#8243; hover_enabled=\u00bb0&#8243; global_colors_info=\u00bb{}\u00bb button_text_size__hover_enabled=\u00bboff\u00bb button_one_text_size__hover_enabled=\u00bboff\u00bb button_two_text_size__hover_enabled=\u00bboff\u00bb button_text_color__hover_enabled=\u00bboff\u00bb button_one_text_color__hover_enabled=\u00bboff\u00bb button_two_text_color__hover_enabled=\u00bboff\u00bb button_border_width__hover_enabled=\u00bboff\u00bb button_one_border_width__hover_enabled=\u00bboff\u00bb button_two_border_width__hover_enabled=\u00bboff\u00bb button_border_color__hover_enabled=\u00bboff\u00bb button_one_border_color__hover_enabled=\u00bboff\u00bb button_two_border_color__hover_enabled=\u00bboff\u00bb button_border_radius__hover_enabled=\u00bboff\u00bb button_one_border_radius__hover_enabled=\u00bboff\u00bb button_two_border_radius__hover_enabled=\u00bboff\u00bb button_letter_spacing__hover_enabled=\u00bboff\u00bb button_one_letter_spacing__hover_enabled=\u00bboff\u00bb button_two_letter_spacing__hover_enabled=\u00bboff\u00bb button_bg_color__hover_enabled=\u00bboff\u00bb button_one_bg_color__hover_enabled=\u00bboff\u00bb button_two_bg_color__hover_enabled=\u00bboff\u00bb sticky_enabled=\u00bb0&#8243;][\/et_pb_contact_field][\/et_pb_contact_form][\/et_pb_column][et_pb_column type=\u00bb2_5&#8243; _builder_version=\u00bb3.25&#8243; custom_padding=\u00bb|||\u00bb global_colors_info=\u00bb{}\u00bb custom_padding__hover=\u00bb|||\u00bb][et_pb_text admin_label=\u00bb1&#8243; _builder_version=\u00bb4.10.6&#8243; header_text_color=\u00bb#693816&#8243; header_2_font=\u00bb|700||on|||||\u00bb header_2_text_align=\u00bbcenter\u00bb header_2_text_color=\u00bb#693816&#8243; header_2_font_size=\u00bb35px\u00bb header_2_line_height=\u00bb1.3em\u00bb max_width=\u00bb700px\u00bb module_alignment=\u00bbcenter\u00bb custom_margin=\u00bb||15px|\u00bb global_colors_info=\u00bb{}\u00bb]<\/p>\n<h2>Ubicaci\u00f3N<\/h2>\n<p>[\/et_pb_text][et_pb_text _builder_version=\u00bb4.10.6&#8243; text_font=\u00bb|300|||||||\u00bb text_text_color=\u00bb#693816&#8243; text_font_size=\u00bb18px\u00bb text_line_height=\u00bb1.8em\u00bb header_font=\u00bb||||||||\u00bb text_orientation=\u00bbcenter\u00bb max_width=\u00bb532px\u00bb module_alignment=\u00bbcenter\u00bb custom_margin=\u00bb-13px||\u00bb global_colors_info=\u00bb{}\u00bb]<\/p>\n<p>Escanea este c\u00f3digo QR para abrir la ubicaci\u00f3n en la aplicaci\u00f3n de Mapas<\/p>\n<p>[\/et_pb_text][et_pb_image src=\u00bbhttps:\/\/lavalldecolonya.com\/wp-content\/uploads\/2021\/09\/QR-Ubicacio-La-Vall-De-Colonya-Granja-Escola-Pollenca.jpeg\u00bb title_text=\u00bbQR-Ubicaci\u00f3-La-Vall-De-Colonya-Granja-Escola-Pollen\u00e7a\u00bb align=\u00bbcenter\u00bb _builder_version=\u00bb4.10.6&#8243; _module_preset=\u00bbdefault\u00bb max_width=\u00bb350px\u00bb global_colors_info=\u00bb{}\u00bb][\/et_pb_image][\/et_pb_column][\/et_pb_row][\/et_pb_section]<\/p>\n","protected":false},"excerpt":{"rendered":"<p>+34 677 50 03 02hola@lavalldecolonya.com9h-13h y 15h-19hFormulariO de contactOTambi\u00e9n puedes utilizar el siguiente formulario de contacto para hacernos llegar tus consultas.Ubicaci\u00f3NEscanea este c\u00f3digo QR para abrir la ubicaci\u00f3n en la aplicaci\u00f3n de Mapas<\/p>\n","protected":false},"author":1,"featured_media":0,"parent":0,"menu_order":0,"comment_status":"closed","ping_status":"closed","template":"","meta":{"_et_pb_use_builder":"on","_et_pb_old_content":"","_et_gb_content_width":"","_joinchat":[],"footnotes":""},"dipi_cpt_category":[],"class_list":["post-23289","page","type-page","status-publish","hentry"],"_links":{"self":[{"href":"https:\/\/lavalldecolonya.com\/es\/wp-json\/wp\/v2\/pages\/23289","targetHints":{"allow":["GET"]}}],"collection":[{"href":"https:\/\/lavalldecolonya.com\/es\/wp-json\/wp\/v2\/pages"}],"about":[{"href":"https:\/\/lavalldecolonya.com\/es\/wp-json\/wp\/v2\/types\/page"}],"author":[{"embeddable":true,"href":"https:\/\/lavalldecolonya.com\/es\/wp-json\/wp\/v2\/users\/1"}],"replies":[{"embeddable":true,"href":"https:\/\/lavalldecolonya.com\/es\/wp-json\/wp\/v2\/comments?post=23289"}],"version-history":[{"count":3,"href":"https:\/\/lavalldecolonya.com\/es\/wp-json\/wp\/v2\/pages\/23289\/revisions"}],"predecessor-version":[{"id":23293,"href":"https:\/\/lavalldecolonya.com\/es\/wp-json\/wp\/v2\/pages\/23289\/revisions\/23293"}],"wp:attachment":[{"href":"https:\/\/lavalldecolonya.com\/es\/wp-json\/wp\/v2\/media?parent=23289"}],"wp:term":[{"taxonomy":"dipi_cpt_category","embeddable":true,"href":"https:\/\/lavalldecolonya.com\/es\/wp-json\/wp\/v2\/dipi_cpt_category?post=23289"}],"curies":[{"name":"wp","href":"https:\/\/api.w.org\/{rel}","templated":true}]}}